{"id":481,"date":"2022-07-28T16:03:40","date_gmt":"2022-07-28T14:03:40","guid":{"rendered":"https:\/\/e-testing.com\/?page_id=481"},"modified":"2025-11-25T16:02:01","modified_gmt":"2025-11-25T15:02:01","slug":"contact","status":"publish","type":"page","link":"https:\/\/e-testing.fr\/fr\/contact\/","title":{"rendered":"Contact"},"content":{"rendered":"\t\t<div data-elementor-type=\"wp-page\" data-elementor-id=\"481\" class=\"elementor elementor-481\" data-elementor-post-type=\"page\">\n\t\t\t\t\t\t<section class=\"elementor-section elementor-top-section elementor-element elementor-element-54dad65 elementor-section-boxed elementor-section-height-default elementor-section-height-default\" data-id=\"54dad65\" data-element_type=\"section\" data-e-type=\"section\">\n\t\t\t\t\t\t\t<div class=\"elementor-background-overlay\"><\/div>\n\t\t\t\t\t\t\t<div class=\"elementor-container elementor-column-gap-default\">\n\t\t\t\t\t<div class=\"elementor-column elementor-col-50 elementor-top-column elementor-element elementor-element-51413e37\" data-id=\"51413e37\" data-element_type=\"column\" data-e-type=\"column\">\n\t\t\t<div class=\"elementor-widget-wrap elementor-element-populated\">\n\t\t\t\t\t\t<div class=\"elementor-element elementor-element-612c3daa elementor-widget elementor-widget-elementskit-heading\" data-id=\"612c3daa\" data-element_type=\"widget\" data-e-type=\"widget\" data-widget_type=\"elementskit-heading.default\">\n\t\t\t\t<div class=\"elementor-widget-container\">\n\t\t\t\t\t<div class=\"ekit-wid-con\" ><div class=\"ekit-heading elementskit-section-title-wraper text_left   ekit_heading_tablet-   ekit_heading_mobile-\"><h1 class=\"ekit-heading--title elementskit-section-title \"><b> Nous  <i> Contacter <\/i> <\/b><\/h1>\t\t\t\t<div class='ekit-heading__description'>\n\t\t\t\t\t<h2>Vous \u00eates un professionnel du recrutement ou de la formation ?<\/h2>\n\t\t\t\t<\/div>\n\t\t\t<\/div><\/div>\t\t\t\t<\/div>\n\t\t\t\t<\/div>\n\t\t\t\t<div class=\"elementor-element elementor-element-7186a49 elementor-widget elementor-widget-shortcode\" data-id=\"7186a49\" data-element_type=\"widget\" data-e-type=\"widget\" data-widget_type=\"shortcode.default\">\n\t\t\t\t<div class=\"elementor-widget-container\">\n\t\t\t\t\t\t\t<div class=\"elementor-shortcode\">\n<div class=\"wpcf7 no-js\" id=\"wpcf7-f493-o1\" lang=\"fr-FR\" dir=\"ltr\" data-wpcf7-id=\"493\">\n<div class=\"screen-reader-response\"><p role=\"status\" aria-live=\"polite\" aria-atomic=\"true\"><\/p> <ul><\/ul><\/div>\n<form action=\"\/fr\/wp-json\/wp\/v2\/pages\/481#wpcf7-f493-o1\" method=\"post\" class=\"wpcf7-form init\" aria-label=\"Formulaire de contact\" novalidate=\"novalidate\" data-status=\"init\">\n<fieldset class=\"hidden-fields-container\"><input type=\"hidden\" name=\"_wpcf7\" value=\"493\" \/><input type=\"hidden\" name=\"_wpcf7_version\" value=\"6.1.4\" \/><input type=\"hidden\" name=\"_wpcf7_locale\" value=\"fr_FR\" \/><input type=\"hidden\" name=\"_wpcf7_unit_tag\" value=\"wpcf7-f493-o1\" \/><input type=\"hidden\" name=\"_wpcf7_container_post\" value=\"0\" \/><input type=\"hidden\" name=\"_wpcf7_posted_data_hash\" value=\"\" \/><input type=\"hidden\" name=\"_wpcf7_recaptcha_response\" value=\"\" \/>\n<\/fieldset>\n<div class=\"row-2\">\n\t<div class=\"col-2\">\n\t\t<p><label>Votre nom*<br \/>\n<span class=\"wpcf7-form-control-wrap\" data-name=\"lastname\"><input size=\"40\" maxlength=\"50\" minlength=\"1\" class=\"wpcf7-form-control wpcf7-text wpcf7-validates-as-required\" aria-required=\"true\" aria-invalid=\"false\" value=\"\" type=\"text\" name=\"lastname\" \/><\/span><br \/>\n<\/label>\n\t\t<\/p>\n\t<\/div>\n\t<div class=\"col-2\">\n\t\t<p><label>Votre pr\u00e9nom*<br \/>\n<span class=\"wpcf7-form-control-wrap\" data-name=\"firstname\"><input size=\"40\" maxlength=\"50\" minlength=\"1\" class=\"wpcf7-form-control wpcf7-text wpcf7-validates-as-required\" aria-required=\"true\" aria-invalid=\"false\" value=\"\" type=\"text\" name=\"firstname\" \/><\/span><br \/>\n<\/label>\n\t\t<\/p>\n\t<\/div>\n<\/div>\n<div class=\"row-radio\">\n\t<p><span class=\"label-radio\">Vous \u00eates ?*<\/span><br \/>\n<span class=\"wpcf7-form-control-wrap\" data-name=\"statut\"><span class=\"wpcf7-form-control wpcf7-radio\"><span class=\"wpcf7-list-item first\"><label><input type=\"radio\" name=\"statut\" value=\"Particulier\" \/><span class=\"wpcf7-list-item-label\">Particulier<\/span><\/label><\/span><span class=\"wpcf7-list-item last\"><label><input type=\"radio\" name=\"statut\" value=\"Professionnel\" \/><span class=\"wpcf7-list-item-label\">Professionnel<\/span><\/label><\/span><\/span><\/span>\n\t<\/p>\n<\/div>\n<div id=\"statut-message\" class=\"statut-message\">\n<\/div>\n<div class=\"row-2\">\n\t<div class=\"col-2\">\n\t\t<p><label>Votre soci\u00e9t\u00e9<br \/>\n<span class=\"wpcf7-form-control-wrap\" data-name=\"society\"><input size=\"40\" maxlength=\"400\" class=\"wpcf7-form-control wpcf7-text\" aria-invalid=\"false\" value=\"\" type=\"text\" name=\"society\" \/><\/span><br \/>\n<\/label>\n\t\t<\/p>\n\t<\/div>\n\t<div class=\"col-2\">\n\t\t<p><label>Votre secteur d'activit\u00e9<br \/>\n<span class=\"wpcf7-form-control-wrap\" data-name=\"secteur\"><select class=\"wpcf7-form-control wpcf7-select\" aria-invalid=\"false\" name=\"secteur\"><option value=\"\">&#8212;Veuillez choisir une option&#8212;<\/option><option value=\"Cabinet de recrutement\">Cabinet de recrutement<\/option><option value=\"Service ressource humaine\">Service ressource humaine<\/option><option value=\"Interim\">Interim<\/option><option value=\"Ecole\">Ecole<\/option><option value=\"Organisme de formation\">Organisme de formation<\/option><option value=\"Int\u00e9rim\">Int\u00e9rim<\/option><option value=\"Autre\">Autre<\/option><\/select><\/span><br \/>\n<\/label>\n\t\t<\/p>\n\t<\/div>\n<\/div>\n<div class=\"row-2\">\n\t<div class=\"col-2\">\n\t\t<p><label>Email Professionnel*<br \/>\n<span class=\"wpcf7-form-control-wrap\" data-name=\"email\"><input size=\"40\" maxlength=\"80\" minlength=\"1\" class=\"wpcf7-form-control wpcf7-email wpcf7-validates-as-required wpcf7-text wpcf7-validates-as-email\" aria-required=\"true\" aria-invalid=\"false\" value=\"\" type=\"email\" name=\"email\" \/><\/span><br \/>\n<\/label>\n\t\t<\/p>\n\t<\/div>\n\t<div class=\"col-2\">\n\t\t<p><label>Votre T\u00e9l\u00e9phone*<br \/>\n<span class=\"wpcf7-form-control-wrap\" data-name=\"tel\"><input size=\"40\" maxlength=\"12\" minlength=\"10\" class=\"wpcf7-form-control wpcf7-tel wpcf7-validates-as-required wpcf7-text wpcf7-validates-as-tel\" aria-required=\"true\" aria-invalid=\"false\" value=\"\" type=\"tel\" name=\"tel\" \/><\/span><br \/>\n<\/label>\n\t\t<\/p>\n\t<\/div>\n<\/div>\n<p><label>Sujet de la demande*<br \/>\n<span class=\"wpcf7-form-control-wrap\" data-name=\"sujet\"><select class=\"wpcf7-form-control wpcf7-select wpcf7-validates-as-required\" aria-required=\"true\" aria-invalid=\"false\" name=\"sujet\"><option value=\"\">&#8212;Veuillez choisir une option&#8212;<\/option><option value=\"Me tester (soci\u00e9t\u00e9s uniquement)\">Me tester (soci\u00e9t\u00e9s uniquement)<\/option><option value=\"Demande d&#039;informations\">Demande d&#039;informations<\/option><option value=\"Probl\u00e8me technique\">Probl\u00e8me technique<\/option><option value=\"Autre\">Autre<\/option><\/select><\/span><br \/>\n<\/label>\n<\/p>\n<p><label>Message<br \/>\n<span class=\"wpcf7-form-control-wrap\" data-name=\"message\"><textarea cols=\"40\" rows=\"10\" maxlength=\"2000\" class=\"wpcf7-form-control wpcf7-textarea\" aria-invalid=\"false\" name=\"message\"><\/textarea><\/span><br \/>\n<\/label>\n<\/p>\n<div class=\"row-rgpd\">\n\t<div class=\"rgpd-item\">\n\t\t<p><span class=\"wpcf7-form-control-wrap\" data-name=\"signup-to-newsletter\"><span class=\"wpcf7-form-control wpcf7-acceptance optional\"><span class=\"wpcf7-list-item\"><label><input type=\"checkbox\" name=\"signup-to-newsletter\" value=\"1\" aria-invalid=\"false\" \/><span class=\"wpcf7-list-item-label\">J'accepte l'utilisation de mes donn\u00e9es afin de recevoir vos communications<\/span><\/label><\/span><\/span><\/span>\n\t\t<\/p>\n\t<\/div>\n\t<div class=\"rgpd-item\">\n\t\t<p><span class=\"wpcf7-form-control-wrap\" data-name=\"rgpd\"><span class=\"wpcf7-form-control wpcf7-acceptance\"><span class=\"wpcf7-list-item\"><label><input type=\"checkbox\" name=\"rgpd\" value=\"1\" aria-invalid=\"false\" \/><span class=\"wpcf7-list-item-label\">J\u2019accepte d\u2019\u00eatre recontact\u00e9(e) par E-testing*<\/span><\/label><\/span><\/span><\/span>\n\t\t<\/p>\n\t<\/div>\n<\/div>\n<p><input class=\"wpcf7-form-control wpcf7-submit has-spinner\" type=\"submit\" value=\"Envoyer\" \/>\n<\/p><input type=\"text\" name=\"d5RML\" value=\"\" style=\"display: none !important;\" \/><div class=\"wpcf7-response-output\" aria-hidden=\"true\"><\/div>\n<\/form>\n<\/div>\n<\/div>\n\t\t\t\t\t\t<\/div>\n\t\t\t\t<\/div>\n\t\t\t\t\t<\/div>\n\t\t<\/div>\n\t\t\t\t<div class=\"elementor-column elementor-col-50 elementor-top-column elementor-element elementor-element-c5c7ea6\" data-id=\"c5c7ea6\" data-element_type=\"column\" data-e-type=\"column\">\n\t\t\t<div class=\"elementor-widget-wrap elementor-element-populated\">\n\t\t\t\t\t\t<div class=\"elementor-element elementor-element-2b7328b elementor-widget elementor-widget-text-editor\" data-id=\"2b7328b\" data-element_type=\"widget\" data-e-type=\"widget\" data-widget_type=\"text-editor.default\">\n\t\t\t\t<div class=\"elementor-widget-container\">\n\t\t\t\t\t\t\t\t\t<p>E-testing est une solution moderne d\u2019\u00e9valuation de comp\u00e9tences en ligne \u00e0 destination des entreprises, des professionnels du recrutement, des centres de formation, des agences d\u2019int\u00e9rim et des grandes \u00e9coles.<\/p>\t\t\t\t\t\t\t\t<\/div>\n\t\t\t\t<\/div>\n\t\t\t\t<div class=\"elementor-element elementor-element-89628ac elementor-widget elementor-widget-heading\" data-id=\"89628ac\" data-element_type=\"widget\" data-e-type=\"widget\" data-widget_type=\"heading.default\">\n\t\t\t\t<div class=\"elementor-widget-container\">\n\t\t\t\t\t<p class=\"elementor-heading-title elementor-size-default\">1 impasse des Tourmalines <br>44300 Nantes<\/p>\t\t\t\t<\/div>\n\t\t\t\t<\/div>\n\t\t\t\t<div class=\"elementor-element elementor-element-9548086 elementor-widget elementor-widget-heading\" data-id=\"9548086\" data-element_type=\"widget\" data-e-type=\"widget\" data-widget_type=\"heading.default\">\n\t\t\t\t<div class=\"elementor-widget-container\">\n\t\t\t\t\t<p class=\"elementor-heading-title elementor-size-default\">Tel : <b> +33 (0)2 85 52 45 23 <\/b> <br>\nEmail : <b> <span style=\"color: #21298f\"> contact@e-testing.fr  <\/span> <br><br><b>Attention, nos services sont uniquement  destin\u00e9s aux <span style=\"color: #21298f\"> professionnels.<\/b><\/p>\t\t\t\t<\/div>\n\t\t\t\t<\/div>\n\t\t\t\t\t<\/div>\n\t\t<\/div>\n\t\t\t\t\t<\/div>\n\t\t<\/section>\n\t\t\t\t<\/div>\n\t\t","protected":false},"excerpt":{"rendered":"<p>Nous Contacter Vous \u00eates un professionnel du recrutement ou de la formation ? E-testing est une solution moderne d\u2019\u00e9valuation de comp\u00e9tences en ligne \u00e0 destination des entreprises, des professionnels du recrutement, des centres de formation, des agences d\u2019int\u00e9rim et des grandes \u00e9coles. 1 impasse des Tourmalines 44300 Nantes Tel : +33 (0)2 85 52 45 [&hellip;]<\/p>\n","protected":false},"author":1,"featured_media":0,"parent":0,"menu_order":0,"comment_status":"closed","ping_status":"closed","template":"","meta":{"site-sidebar-layout":"no-sidebar","site-content-layout":"page-builder","ast-site-content-layout":"full-width-container","site-content-style":"unboxed","site-sidebar-style":"unboxed","ast-global-header-display":"","ast-banner-title-visibility":"","ast-main-header-display":"","ast-hfb-above-header-display":"","ast-hfb-below-header-display":"","ast-hfb-mobile-header-display":"","site-post-title":"disabled","ast-breadcrumbs-content":"","ast-featured-img":"disabled","footer-sml-layout":"","theme-transparent-header-meta":"","adv-header-id-meta":"","stick-header-meta":"","header-above-stick-meta":"","header-main-stick-meta":"","header-below-stick-meta":"","astra-migrate-meta-layouts":"set","ast-page-background-enabled":"default","ast-page-background-meta":{"desktop":{"background-color":"var(--ast-global-color-4)","background-image":"","background-repeat":"repeat","background-position":"center center","background-size":"auto","background-attachment":"scroll","background-type":"","background-media":"","overlay-type":"","overlay-color":"","overlay-opacity":"","overlay-gradient":""},"tablet":{"background-color":"","background-image":"","background-repeat":"repeat","background-position":"center center","background-size":"auto","background-attachment":"scroll","background-type":"","background-media":"","overlay-type":"","overlay-color":"","overlay-opacity":"","overlay-gradient":""},"mobile":{"background-color":"","background-image":"","background-repeat":"repeat","background-position":"center center","background-size":"auto","background-attachment":"scroll","background-type":"","background-media":"","overlay-type":"","overlay-color":"","overlay-opacity":"","overlay-gradient":""}},"ast-content-background-meta":{"desktop":{"background-color":"var(--ast-global-color-5)","background-image":"","background-repeat":"repeat","background-position":"center center","background-size":"auto","background-attachment":"scroll","background-type":"","background-media":"","overlay-type":"","overlay-color":"","overlay-opacity":"","overlay-gradient":""},"tablet":{"background-color":"var(--ast-global-color-5)","background-image":"","background-repeat":"repeat","background-position":"center center","background-size":"auto","background-attachment":"scroll","background-type":"","background-media":"","overlay-type":"","overlay-color":"","overlay-opacity":"","overlay-gradient":""},"mobile":{"background-color":"var(--ast-global-color-5)","background-image":"","background-repeat":"repeat","background-position":"center center","background-size":"auto","background-attachment":"scroll","background-type":"","background-media":"","overlay-type":"","overlay-color":"","overlay-opacity":"","overlay-gradient":""}},"footnotes":""},"folder":[],"class_list":["post-481","page","type-page","status-publish","hentry"],"yoast_head":"<!-- This site is optimized with the Yoast SEO plugin v26.5 - https:\/\/yoast.com\/wordpress\/plugins\/seo\/ -->\n<title>Nous contacter \u00e0 propos des tests d&#039;E-testing<\/title>\n<meta name=\"description\" content=\"Contactez-nous, professionnel du recrutement ou de la formation, vous avez besoin d&#039;information sur nos solutions et services E-testing ?\" \/>\n<meta name=\"robots\" content=\"index, follow, max-snippet:-1, max-image-preview:large, max-video-preview:-1\" \/>\n<link rel=\"canonical\" href=\"https:\/\/e-testing.fr\/fr\/contact\/\" \/>\n<meta property=\"og:locale\" content=\"fr_FR\" \/>\n<meta property=\"og:type\" content=\"article\" \/>\n<meta property=\"og:title\" content=\"Nous contacter \u00e0 propos des tests d&#039;E-testing\" \/>\n<meta property=\"og:description\" content=\"Contactez-nous, professionnel du recrutement ou de la formation, vous avez besoin d&#039;information sur nos solutions et services E-testing ?\" \/>\n<meta property=\"og:url\" content=\"https:\/\/e-testing.fr\/fr\/contact\/\" \/>\n<meta property=\"og:site_name\" content=\"E-testing\" \/>\n<meta property=\"article:modified_time\" content=\"2025-11-25T15:02:01+00:00\" \/>\n<meta name=\"twitter:card\" content=\"summary_large_image\" \/>\n<meta name=\"twitter:label1\" content=\"Dur\u00e9e de lecture estim\u00e9e\" \/>\n\t<meta name=\"twitter:data1\" content=\"1 minute\" \/>\n<script type=\"application\/ld+json\" class=\"yoast-schema-graph\">{\"@context\":\"https:\/\/schema.org\",\"@graph\":[{\"@type\":\"WebPage\",\"@id\":\"https:\/\/e-testing.fr\/fr\/contact\/\",\"url\":\"https:\/\/e-testing.fr\/fr\/contact\/\",\"name\":\"Nous contacter \u00e0 propos des tests d'E-testing\",\"isPartOf\":{\"@id\":\"https:\/\/e-testing.fr\/fr\/#website\"},\"datePublished\":\"2022-07-28T14:03:40+00:00\",\"dateModified\":\"2025-11-25T15:02:01+00:00\",\"description\":\"Contactez-nous, professionnel du recrutement ou de la formation, vous avez besoin d'information sur nos solutions et services E-testing ?\",\"breadcrumb\":{\"@id\":\"https:\/\/e-testing.fr\/fr\/contact\/#breadcrumb\"},\"inLanguage\":\"fr-FR\",\"potentialAction\":[{\"@type\":\"ReadAction\",\"target\":[\"https:\/\/e-testing.fr\/fr\/contact\/\"]}]},{\"@type\":\"BreadcrumbList\",\"@id\":\"https:\/\/e-testing.fr\/fr\/contact\/#breadcrumb\",\"itemListElement\":[{\"@type\":\"ListItem\",\"position\":1,\"name\":\"Accueil\",\"item\":\"https:\/\/e-testing.fr\/fr\/\"},{\"@type\":\"ListItem\",\"position\":2,\"name\":\"Contact\"}]},{\"@type\":\"WebSite\",\"@id\":\"https:\/\/e-testing.fr\/fr\/#website\",\"url\":\"https:\/\/e-testing.fr\/fr\/\",\"name\":\"E-testing\",\"description\":\"\",\"publisher\":{\"@id\":\"https:\/\/e-testing.fr\/fr\/#organization\"},\"potentialAction\":[{\"@type\":\"SearchAction\",\"target\":{\"@type\":\"EntryPoint\",\"urlTemplate\":\"https:\/\/e-testing.fr\/fr\/?s={search_term_string}\"},\"query-input\":{\"@type\":\"PropertyValueSpecification\",\"valueRequired\":true,\"valueName\":\"search_term_string\"}}],\"inLanguage\":\"fr-FR\"},{\"@type\":\"Organization\",\"@id\":\"https:\/\/e-testing.fr\/fr\/#organization\",\"name\":\"E-testing\",\"url\":\"https:\/\/e-testing.fr\/fr\/\",\"logo\":{\"@type\":\"ImageObject\",\"inLanguage\":\"fr-FR\",\"@id\":\"https:\/\/e-testing.fr\/fr\/#\/schema\/logo\/image\/\",\"url\":\"https:\/\/e-testing.fr\/fr\/wp-content\/uploads\/2025\/01\/logo-E-testing-180.png\",\"contentUrl\":\"https:\/\/e-testing.fr\/fr\/wp-content\/uploads\/2025\/01\/logo-E-testing-180.png\",\"width\":180,\"height\":51,\"caption\":\"E-testing\"},\"image\":{\"@id\":\"https:\/\/e-testing.fr\/fr\/#\/schema\/logo\/image\/\"}}]}<\/script>\n<!-- \/ Yoast SEO plugin. -->","yoast_head_json":{"title":"Nous contacter \u00e0 propos des tests d'E-testing","description":"Contactez-nous, professionnel du recrutement ou de la formation, vous avez besoin d'information sur nos solutions et services E-testing ?","robots":{"index":"index","follow":"follow","max-snippet":"max-snippet:-1","max-image-preview":"max-image-preview:large","max-video-preview":"max-video-preview:-1"},"canonical":"https:\/\/e-testing.fr\/fr\/contact\/","og_locale":"fr_FR","og_type":"article","og_title":"Nous contacter \u00e0 propos des tests d'E-testing","og_description":"Contactez-nous, professionnel du recrutement ou de la formation, vous avez besoin d'information sur nos solutions et services E-testing ?","og_url":"https:\/\/e-testing.fr\/fr\/contact\/","og_site_name":"E-testing","article_modified_time":"2025-11-25T15:02:01+00:00","twitter_card":"summary_large_image","twitter_misc":{"Dur\u00e9e de lecture estim\u00e9e":"1 minute"},"schema":{"@context":"https:\/\/schema.org","@graph":[{"@type":"WebPage","@id":"https:\/\/e-testing.fr\/fr\/contact\/","url":"https:\/\/e-testing.fr\/fr\/contact\/","name":"Nous contacter \u00e0 propos des tests d'E-testing","isPartOf":{"@id":"https:\/\/e-testing.fr\/fr\/#website"},"datePublished":"2022-07-28T14:03:40+00:00","dateModified":"2025-11-25T15:02:01+00:00","description":"Contactez-nous, professionnel du recrutement ou de la formation, vous avez besoin d'information sur nos solutions et services E-testing ?","breadcrumb":{"@id":"https:\/\/e-testing.fr\/fr\/contact\/#breadcrumb"},"inLanguage":"fr-FR","potentialAction":[{"@type":"ReadAction","target":["https:\/\/e-testing.fr\/fr\/contact\/"]}]},{"@type":"BreadcrumbList","@id":"https:\/\/e-testing.fr\/fr\/contact\/#breadcrumb","itemListElement":[{"@type":"ListItem","position":1,"name":"Accueil","item":"https:\/\/e-testing.fr\/fr\/"},{"@type":"ListItem","position":2,"name":"Contact"}]},{"@type":"WebSite","@id":"https:\/\/e-testing.fr\/fr\/#website","url":"https:\/\/e-testing.fr\/fr\/","name":"E-testing","description":"","publisher":{"@id":"https:\/\/e-testing.fr\/fr\/#organization"},"potentialAction":[{"@type":"SearchAction","target":{"@type":"EntryPoint","urlTemplate":"https:\/\/e-testing.fr\/fr\/?s={search_term_string}"},"query-input":{"@type":"PropertyValueSpecification","valueRequired":true,"valueName":"search_term_string"}}],"inLanguage":"fr-FR"},{"@type":"Organization","@id":"https:\/\/e-testing.fr\/fr\/#organization","name":"E-testing","url":"https:\/\/e-testing.fr\/fr\/","logo":{"@type":"ImageObject","inLanguage":"fr-FR","@id":"https:\/\/e-testing.fr\/fr\/#\/schema\/logo\/image\/","url":"https:\/\/e-testing.fr\/fr\/wp-content\/uploads\/2025\/01\/logo-E-testing-180.png","contentUrl":"https:\/\/e-testing.fr\/fr\/wp-content\/uploads\/2025\/01\/logo-E-testing-180.png","width":180,"height":51,"caption":"E-testing"},"image":{"@id":"https:\/\/e-testing.fr\/fr\/#\/schema\/logo\/image\/"}}]}},"_links":{"self":[{"href":"https:\/\/e-testing.fr\/fr\/wp-json\/wp\/v2\/pages\/481","targetHints":{"allow":["GET"]}}],"collection":[{"href":"https:\/\/e-testing.fr\/fr\/wp-json\/wp\/v2\/pages"}],"about":[{"href":"https:\/\/e-testing.fr\/fr\/wp-json\/wp\/v2\/types\/page"}],"author":[{"embeddable":true,"href":"https:\/\/e-testing.fr\/fr\/wp-json\/wp\/v2\/users\/1"}],"replies":[{"embeddable":true,"href":"https:\/\/e-testing.fr\/fr\/wp-json\/wp\/v2\/comments?post=481"}],"version-history":[{"count":236,"href":"https:\/\/e-testing.fr\/fr\/wp-json\/wp\/v2\/pages\/481\/revisions"}],"predecessor-version":[{"id":29502,"href":"https:\/\/e-testing.fr\/fr\/wp-json\/wp\/v2\/pages\/481\/revisions\/29502"}],"wp:attachment":[{"href":"https:\/\/e-testing.fr\/fr\/wp-json\/wp\/v2\/media?parent=481"}],"wp:term":[{"taxonomy":"folder","embeddable":true,"href":"https:\/\/e-testing.fr\/fr\/wp-json\/wp\/v2\/folder?post=481"}],"curies":[{"name":"wp","href":"https:\/\/api.w.org\/{rel}","templated":true}]}}