{"id":21044,"date":"2023-04-14T12:14:10","date_gmt":"2023-04-14T10:14:10","guid":{"rendered":"https:\/\/e-testing.com\/?page_id=21044"},"modified":"2025-05-07T15:22:05","modified_gmt":"2025-05-07T13:22:05","slug":"offre-sur-mesure","status":"publish","type":"page","link":"https:\/\/e-testing.fr\/fr\/offre-sur-mesure\/","title":{"rendered":"Tests sur mesure"},"content":{"rendered":"\t\t<div data-elementor-type=\"wp-page\" data-elementor-id=\"21044\" class=\"elementor elementor-21044\" data-elementor-post-type=\"page\">\n\t\t\t\t<div class=\"elementor-element elementor-element-97bd65b e-flex e-con-boxed e-con e-parent\" data-id=\"97bd65b\" data-element_type=\"container\" data-e-type=\"container\">\n\t\t\t\t\t<div class=\"e-con-inner\">\n\t\t\t\t<div class=\"elementor-element elementor-element-b2a19c5 elementor-widget elementor-widget-heading\" data-id=\"b2a19c5\" data-element_type=\"widget\" data-e-type=\"widget\" data-widget_type=\"heading.default\">\n\t\t\t\t<div class=\"elementor-widget-container\">\n\t\t\t\t\t<h1 class=\"elementor-heading-title elementor-size-default\">Tests sur mesure<\/h1>\t\t\t\t<\/div>\n\t\t\t\t<\/div>\n\t\t\t\t<div class=\"elementor-element elementor-element-359b382 elementor-widget elementor-widget-spacer\" data-id=\"359b382\" data-element_type=\"widget\" data-e-type=\"widget\" data-widget_type=\"spacer.default\">\n\t\t\t\t<div class=\"elementor-widget-container\">\n\t\t\t\t\t\t\t<div class=\"elementor-spacer\">\n\t\t\t<div class=\"elementor-spacer-inner\"><\/div>\n\t\t<\/div>\n\t\t\t\t\t\t<\/div>\n\t\t\t\t<\/div>\n\t\t\t\t\t<\/div>\n\t\t\t\t<\/div>\n\t\t<div class=\"elementor-element elementor-element-5d1bff8 e-flex e-con-boxed e-con e-parent\" data-id=\"5d1bff8\" data-element_type=\"container\" data-e-type=\"container\">\n\t\t\t\t\t<div class=\"e-con-inner\">\n\t\t<div class=\"elementor-element elementor-element-082cfc3 e-con-full e-flex e-con e-child\" data-id=\"082cfc3\" data-element_type=\"container\" data-e-type=\"container\">\n\t\t\t\t<div class=\"elementor-element elementor-element-ac3e662 elementor-widget elementor-widget-text-editor\" data-id=\"ac3e662\" data-element_type=\"widget\" data-e-type=\"widget\" data-widget_type=\"text-editor.default\">\n\t\t\t\t<div class=\"elementor-widget-container\">\n\t\t\t\t\t\t\t\t\t<p><strong>Vous pouvez choisir plusieurs modalit\u00e9s de questions :<\/strong><\/p><p>\u00a0<\/p><ul><li>QCM (Questionnaire \u00e0 choix multiples), \u00e0 base de texte et d&rsquo;image, d&rsquo;un fichier audio ou d&rsquo;un fichier vid\u00e9o<\/li><li>Vitesse de frappe par recopie d&rsquo;un texte ou par saisie avec dict\u00e9e<\/li><li>Question avec une zone de r\u00e9ponse libre (un chiffre ou un mot : plusieurs bonnes r\u00e9ponses configurables)<\/li><li>Question suivie d&rsquo;un commentaire p\u00e9dagogique<\/li><li>Question de m\u00e9morisation : affichage des propositions (suite \u00e0 un compte \u00e0 rebours ou une action manuelle)<\/li><li>Question pond\u00e9r\u00e9e<\/li><\/ul>\t\t\t\t\t\t\t\t<\/div>\n\t\t\t\t<\/div>\n\t\t\t\t<div class=\"elementor-element elementor-element-4576dce elementor-widget elementor-widget-spacer\" data-id=\"4576dce\" data-element_type=\"widget\" data-e-type=\"widget\" data-widget_type=\"spacer.default\">\n\t\t\t\t<div class=\"elementor-widget-container\">\n\t\t\t\t\t\t\t<div class=\"elementor-spacer\">\n\t\t\t<div class=\"elementor-spacer-inner\"><\/div>\n\t\t<\/div>\n\t\t\t\t\t\t<\/div>\n\t\t\t\t<\/div>\n\t\t\t\t<\/div>\n\t\t<div class=\"elementor-element elementor-element-ad595df e-con-full e-flex e-con e-child\" data-id=\"ad595df\" data-element_type=\"container\" data-e-type=\"container\">\n\t\t\t\t<div class=\"elementor-element elementor-element-f7eff4e elementor-widget elementor-widget-heading\" data-id=\"f7eff4e\" data-element_type=\"widget\" data-e-type=\"widget\" data-widget_type=\"heading.default\">\n\t\t\t\t<div class=\"elementor-widget-container\">\n\t\t\t\t\t<h2 class=\"elementor-heading-title elementor-size-default\">Types de tests<\/h2>\t\t\t\t<\/div>\n\t\t\t\t<\/div>\n\t\t\t\t<\/div>\n\t\t<div class=\"elementor-element elementor-element-16f6c36 e-con-full e-flex e-con e-child\" data-id=\"16f6c36\" data-element_type=\"container\" data-e-type=\"container\">\n\t\t\t\t<div class=\"elementor-element elementor-element-8302728 elementor-widget elementor-widget-heading\" data-id=\"8302728\" data-element_type=\"widget\" data-e-type=\"widget\" data-widget_type=\"heading.default\">\n\t\t\t\t<div class=\"elementor-widget-container\">\n\t\t\t\t\t<h2 class=\"elementor-heading-title elementor-size-default\">Configuration de tests<\/h2>\t\t\t\t<\/div>\n\t\t\t\t<\/div>\n\t\t\t\t<\/div>\n\t\t<div class=\"elementor-element elementor-element-ed080ea e-con-full e-flex e-con e-child\" data-id=\"ed080ea\" data-element_type=\"container\" data-e-type=\"container\">\n\t\t\t\t<div class=\"elementor-element elementor-element-0591150 elementor-widget elementor-widget-text-editor\" data-id=\"0591150\" data-element_type=\"widget\" data-e-type=\"widget\" data-widget_type=\"text-editor.default\">\n\t\t\t\t<div class=\"elementor-widget-container\">\n\t\t\t\t\t\t\t\t\t<p><strong>Vous pouvez choisir plusieurs configurations pour vos tests :<\/strong><\/p><p>\u00a0<\/p><ul><li>La possibilit\u00e9 de modifier le contenu des emails automatiques<\/li><li>La possibilit\u00e9 de cr\u00e9er un rapport de r\u00e9sultats personnalis\u00e9 sous format PDF<\/li><li>La possibilit\u00e9 de s&rsquo;int\u00e9grer \u00e0 votre outil de recrutement\/admission (cr\u00e9ation des candidats, suivi des \u00e9valuations, transmission des r\u00e9sultats)<\/li><\/ul>\t\t\t\t\t\t\t\t<\/div>\n\t\t\t\t<\/div>\n\t\t\t\t<\/div>\n\t\t\t\t\t<\/div>\n\t\t\t\t<\/div>\n\t\t<div class=\"elementor-element elementor-element-8dbffd5 e-flex e-con-boxed e-con e-parent\" data-id=\"8dbffd5\" data-element_type=\"container\" data-e-type=\"container\">\n\t\t\t\t\t<div class=\"e-con-inner\">\n\t\t<div class=\"elementor-element elementor-element-4ac908e e-con-full e-flex e-con e-child\" data-id=\"4ac908e\" data-element_type=\"container\" data-e-type=\"container\">\n\t\t\t\t<div class=\"elementor-element elementor-element-24ba25c elementor-widget elementor-widget-spacer\" data-id=\"24ba25c\" data-element_type=\"widget\" data-e-type=\"widget\" data-widget_type=\"spacer.default\">\n\t\t\t\t<div class=\"elementor-widget-container\">\n\t\t\t\t\t\t\t<div class=\"elementor-spacer\">\n\t\t\t<div class=\"elementor-spacer-inner\"><\/div>\n\t\t<\/div>\n\t\t\t\t\t\t<\/div>\n\t\t\t\t<\/div>\n\t\t\t\t<div class=\"elementor-element elementor-element-176ac66 elementor-widget elementor-widget-text-editor\" data-id=\"176ac66\" data-element_type=\"widget\" data-e-type=\"widget\" data-widget_type=\"text-editor.default\">\n\t\t\t\t<div class=\"elementor-widget-container\">\n\t\t\t\t\t\t\t\t\t<p><strong>Un service sur mesure :<\/strong><\/p><p>\u00a0<\/p><p>Si vous disposez d\u00e9j\u00e0 de tests papiers ou informatis\u00e9s, nous nous chargeons de les mettre en place sur votre plateforme.<br \/>Nous travaillons ensemble sur l&rsquo;int\u00e9gration la plus efficace de chacune de vos questions.<\/p>\t\t\t\t\t\t\t\t<\/div>\n\t\t\t\t<\/div>\n\t\t\t\t<\/div>\n\t\t<div class=\"elementor-element elementor-element-86a4fc8 e-con-full e-flex e-con e-child\" data-id=\"86a4fc8\" data-element_type=\"container\" data-e-type=\"container\">\n\t\t\t\t<div class=\"elementor-element elementor-element-0b0289b elementor-widget elementor-widget-heading\" data-id=\"0b0289b\" data-element_type=\"widget\" data-e-type=\"widget\" data-widget_type=\"heading.default\">\n\t\t\t\t<div class=\"elementor-widget-container\">\n\t\t\t\t\t<h2 class=\"elementor-heading-title elementor-size-default\">Int\u00e9gration de vos tests<\/h2>\t\t\t\t<\/div>\n\t\t\t\t<\/div>\n\t\t\t\t<\/div>\n\t\t\t\t\t<\/div>\n\t\t\t\t<\/div>\n\t\t<div class=\"elementor-element elementor-element-1eb3936 e-flex e-con-boxed e-con e-parent\" data-id=\"1eb3936\" data-element_type=\"container\" data-e-type=\"container\">\n\t\t\t\t\t<div class=\"e-con-inner\">\n\t\t\t\t<div class=\"elementor-element elementor-element-5e78039 elementor-widget elementor-widget-spacer\" data-id=\"5e78039\" data-element_type=\"widget\" data-e-type=\"widget\" data-widget_type=\"spacer.default\">\n\t\t\t\t<div class=\"elementor-widget-container\">\n\t\t\t\t\t\t\t<div class=\"elementor-spacer\">\n\t\t\t<div class=\"elementor-spacer-inner\"><\/div>\n\t\t<\/div>\n\t\t\t\t\t\t<\/div>\n\t\t\t\t<\/div>\n\t\t\t\t<div class=\"elementor-element elementor-element-4053597 elementor-align-center elementor-widget elementor-widget-button\" data-id=\"4053597\" data-element_type=\"widget\" data-e-type=\"widget\" data-widget_type=\"button.default\">\n\t\t\t\t<div class=\"elementor-widget-container\">\n\t\t\t\t\t\t\t\t\t<div class=\"elementor-button-wrapper\">\n\t\t\t\t\t<a class=\"elementor-button elementor-button-link elementor-size-sm\" href=\"https:\/\/e-testing.fr\/fr\/contact\/\">\n\t\t\t\t\t\t<span class=\"elementor-button-content-wrapper\">\n\t\t\t\t\t\t\t\t\t<span class=\"elementor-button-text\">Planifiez une d\u00e9mo personnalis\u00e9e<\/span>\n\t\t\t\t\t<\/span>\n\t\t\t\t\t<\/a>\n\t\t\t\t<\/div>\n\t\t\t\t\t\t\t\t<\/div>\n\t\t\t\t<\/div>\n\t\t\t\t<div class=\"elementor-element elementor-element-c441ca8 elementor-widget elementor-widget-spacer\" data-id=\"c441ca8\" data-element_type=\"widget\" data-e-type=\"widget\" data-widget_type=\"spacer.default\">\n\t\t\t\t<div class=\"elementor-widget-container\">\n\t\t\t\t\t\t\t<div class=\"elementor-spacer\">\n\t\t\t<div class=\"elementor-spacer-inner\"><\/div>\n\t\t<\/div>\n\t\t\t\t\t\t<\/div>\n\t\t\t\t<\/div>\n\t\t\t\t\t<\/div>\n\t\t\t\t<\/div>\n\t\t\t\t<\/div>\n\t\t","protected":false},"excerpt":{"rendered":"<p>Tests sur mesure Vous pouvez choisir plusieurs modalit\u00e9s de questions : \u00a0 QCM (Questionnaire \u00e0 choix multiples), \u00e0 base de texte et d&rsquo;image, d&rsquo;un fichier audio ou d&rsquo;un fichier vid\u00e9o Vitesse de frappe par recopie d&rsquo;un texte ou par saisie avec dict\u00e9e Question avec une zone de r\u00e9ponse libre (un chiffre ou un mot : [&hellip;]<\/p>\n","protected":false},"author":2,"featured_media":0,"parent":0,"menu_order":0,"comment_status":"closed","ping_status":"closed","template":"","meta":{"site-sidebar-layout":"no-sidebar","site-content-layout":"page-builder","ast-site-content-layout":"full-width-container","site-content-style":"unboxed","site-sidebar-style":"unboxed","ast-global-header-display":"","ast-banner-title-visibility":"","ast-main-header-display":"","ast-hfb-above-header-display":"","ast-hfb-below-header-display":"","ast-hfb-mobile-header-display":"","site-post-title":"disabled","ast-breadcrumbs-content":"","ast-featured-img":"disabled","footer-sml-layout":"","theme-transparent-header-meta":"","adv-header-id-meta":"","stick-header-meta":"","header-above-stick-meta":"","header-main-stick-meta":"","header-below-stick-meta":"","astra-migrate-meta-layouts":"set","ast-page-background-enabled":"default","ast-page-background-meta":{"desktop":{"background-color":"var(--ast-global-color-4)","background-image":"","background-repeat":"repeat","background-position":"center center","background-size":"auto","background-attachment":"scroll","background-type":"","background-media":"","overlay-type":"","overlay-color":"","overlay-opacity":"","overlay-gradient":""},"tablet":{"background-color":"","background-image":"","background-repeat":"repeat","background-position":"center center","background-size":"auto","background-attachment":"scroll","background-type":"","background-media":"","overlay-type":"","overlay-color":"","overlay-opacity":"","overlay-gradient":""},"mobile":{"background-color":"","background-image":"","background-repeat":"repeat","background-position":"center center","background-size":"auto","background-attachment":"scroll","background-type":"","background-media":"","overlay-type":"","overlay-color":"","overlay-opacity":"","overlay-gradient":""}},"ast-content-background-meta":{"desktop":{"background-color":"var(--ast-global-color-5)","background-image":"","background-repeat":"repeat","background-position":"center center","background-size":"auto","background-attachment":"scroll","background-type":"","background-media":"","overlay-type":"","overlay-color":"","overlay-opacity":"","overlay-gradient":""},"tablet":{"background-color":"var(--ast-global-color-5)","background-image":"","background-repeat":"repeat","background-position":"center center","background-size":"auto","background-attachment":"scroll","background-type":"","background-media":"","overlay-type":"","overlay-color":"","overlay-opacity":"","overlay-gradient":""},"mobile":{"background-color":"var(--ast-global-color-5)","background-image":"","background-repeat":"repeat","background-position":"center center","background-size":"auto","background-attachment":"scroll","background-type":"","background-media":"","overlay-type":"","overlay-color":"","overlay-opacity":"","overlay-gradient":""}},"footnotes":""},"folder":[],"class_list":["post-21044","page","type-page","status-publish","hentry"],"yoast_head":"<!-- This site is optimized with the Yoast SEO plugin v26.5 - https:\/\/yoast.com\/wordpress\/plugins\/seo\/ -->\n<title>Tests sur mesure : D\u00e9couvrez les fonctionnalit\u00e9s E-testing<\/title>\n<meta name=\"description\" content=\"D\u00e9couvrez toutes les fonctionnalit\u00e9s possibles de la solution E-testing (Types de tests, configuration personnalis\u00e9e...)\" \/>\n<meta name=\"robots\" content=\"index, follow, max-snippet:-1, max-image-preview:large, max-video-preview:-1\" \/>\n<link rel=\"canonical\" href=\"https:\/\/e-testing.fr\/fr\/offre-sur-mesure\/\" \/>\n<meta property=\"og:locale\" content=\"fr_FR\" \/>\n<meta property=\"og:type\" content=\"article\" \/>\n<meta property=\"og:title\" content=\"Tests sur mesure : D\u00e9couvrez les fonctionnalit\u00e9s E-testing\" \/>\n<meta property=\"og:description\" content=\"D\u00e9couvrez toutes les fonctionnalit\u00e9s possibles de la solution E-testing (Types de tests, configuration personnalis\u00e9e...)\" \/>\n<meta property=\"og:url\" content=\"https:\/\/e-testing.fr\/fr\/offre-sur-mesure\/\" \/>\n<meta property=\"og:site_name\" content=\"E-testing\" \/>\n<meta property=\"article:modified_time\" content=\"2025-05-07T13:22:05+00:00\" \/>\n<meta name=\"twitter:card\" content=\"summary_large_image\" \/>\n<meta name=\"twitter:label1\" content=\"Dur\u00e9e de lecture estim\u00e9e\" \/>\n\t<meta name=\"twitter:data1\" content=\"1 minute\" \/>\n<script type=\"application\/ld+json\" class=\"yoast-schema-graph\">{\"@context\":\"https:\/\/schema.org\",\"@graph\":[{\"@type\":\"WebPage\",\"@id\":\"https:\/\/e-testing.fr\/fr\/offre-sur-mesure\/\",\"url\":\"https:\/\/e-testing.fr\/fr\/offre-sur-mesure\/\",\"name\":\"Tests sur mesure : D\u00e9couvrez les fonctionnalit\u00e9s E-testing\",\"isPartOf\":{\"@id\":\"https:\/\/e-testing.fr\/fr\/#website\"},\"datePublished\":\"2023-04-14T10:14:10+00:00\",\"dateModified\":\"2025-05-07T13:22:05+00:00\",\"description\":\"D\u00e9couvrez toutes les fonctionnalit\u00e9s possibles de la solution E-testing (Types de tests, configuration personnalis\u00e9e...)\",\"breadcrumb\":{\"@id\":\"https:\/\/e-testing.fr\/fr\/offre-sur-mesure\/#breadcrumb\"},\"inLanguage\":\"fr-FR\",\"potentialAction\":[{\"@type\":\"ReadAction\",\"target\":[\"https:\/\/e-testing.fr\/fr\/offre-sur-mesure\/\"]}]},{\"@type\":\"BreadcrumbList\",\"@id\":\"https:\/\/e-testing.fr\/fr\/offre-sur-mesure\/#breadcrumb\",\"itemListElement\":[{\"@type\":\"ListItem\",\"position\":1,\"name\":\"Accueil\",\"item\":\"https:\/\/e-testing.fr\/fr\/\"},{\"@type\":\"ListItem\",\"position\":2,\"name\":\"Tests sur mesure\"}]},{\"@type\":\"WebSite\",\"@id\":\"https:\/\/e-testing.fr\/fr\/#website\",\"url\":\"https:\/\/e-testing.fr\/fr\/\",\"name\":\"E-testing\",\"description\":\"\",\"publisher\":{\"@id\":\"https:\/\/e-testing.fr\/fr\/#organization\"},\"potentialAction\":[{\"@type\":\"SearchAction\",\"target\":{\"@type\":\"EntryPoint\",\"urlTemplate\":\"https:\/\/e-testing.fr\/fr\/?s={search_term_string}\"},\"query-input\":{\"@type\":\"PropertyValueSpecification\",\"valueRequired\":true,\"valueName\":\"search_term_string\"}}],\"inLanguage\":\"fr-FR\"},{\"@type\":\"Organization\",\"@id\":\"https:\/\/e-testing.fr\/fr\/#organization\",\"name\":\"E-testing\",\"url\":\"https:\/\/e-testing.fr\/fr\/\",\"logo\":{\"@type\":\"ImageObject\",\"inLanguage\":\"fr-FR\",\"@id\":\"https:\/\/e-testing.fr\/fr\/#\/schema\/logo\/image\/\",\"url\":\"https:\/\/e-testing.fr\/fr\/wp-content\/uploads\/2025\/01\/logo-E-testing-180.png\",\"contentUrl\":\"https:\/\/e-testing.fr\/fr\/wp-content\/uploads\/2025\/01\/logo-E-testing-180.png\",\"width\":180,\"height\":51,\"caption\":\"E-testing\"},\"image\":{\"@id\":\"https:\/\/e-testing.fr\/fr\/#\/schema\/logo\/image\/\"}}]}<\/script>\n<!-- \/ Yoast SEO plugin. -->","yoast_head_json":{"title":"Tests sur mesure : D\u00e9couvrez les fonctionnalit\u00e9s E-testing","description":"D\u00e9couvrez toutes les fonctionnalit\u00e9s possibles de la solution E-testing (Types de tests, configuration personnalis\u00e9e...)","robots":{"index":"index","follow":"follow","max-snippet":"max-snippet:-1","max-image-preview":"max-image-preview:large","max-video-preview":"max-video-preview:-1"},"canonical":"https:\/\/e-testing.fr\/fr\/offre-sur-mesure\/","og_locale":"fr_FR","og_type":"article","og_title":"Tests sur mesure : D\u00e9couvrez les fonctionnalit\u00e9s E-testing","og_description":"D\u00e9couvrez toutes les fonctionnalit\u00e9s possibles de la solution E-testing (Types de tests, configuration personnalis\u00e9e...)","og_url":"https:\/\/e-testing.fr\/fr\/offre-sur-mesure\/","og_site_name":"E-testing","article_modified_time":"2025-05-07T13:22:05+00:00","twitter_card":"summary_large_image","twitter_misc":{"Dur\u00e9e de lecture estim\u00e9e":"1 minute"},"schema":{"@context":"https:\/\/schema.org","@graph":[{"@type":"WebPage","@id":"https:\/\/e-testing.fr\/fr\/offre-sur-mesure\/","url":"https:\/\/e-testing.fr\/fr\/offre-sur-mesure\/","name":"Tests sur mesure : D\u00e9couvrez les fonctionnalit\u00e9s E-testing","isPartOf":{"@id":"https:\/\/e-testing.fr\/fr\/#website"},"datePublished":"2023-04-14T10:14:10+00:00","dateModified":"2025-05-07T13:22:05+00:00","description":"D\u00e9couvrez toutes les fonctionnalit\u00e9s possibles de la solution E-testing (Types de tests, configuration personnalis\u00e9e...)","breadcrumb":{"@id":"https:\/\/e-testing.fr\/fr\/offre-sur-mesure\/#breadcrumb"},"inLanguage":"fr-FR","potentialAction":[{"@type":"ReadAction","target":["https:\/\/e-testing.fr\/fr\/offre-sur-mesure\/"]}]},{"@type":"BreadcrumbList","@id":"https:\/\/e-testing.fr\/fr\/offre-sur-mesure\/#breadcrumb","itemListElement":[{"@type":"ListItem","position":1,"name":"Accueil","item":"https:\/\/e-testing.fr\/fr\/"},{"@type":"ListItem","position":2,"name":"Tests sur mesure"}]},{"@type":"WebSite","@id":"https:\/\/e-testing.fr\/fr\/#website","url":"https:\/\/e-testing.fr\/fr\/","name":"E-testing","description":"","publisher":{"@id":"https:\/\/e-testing.fr\/fr\/#organization"},"potentialAction":[{"@type":"SearchAction","target":{"@type":"EntryPoint","urlTemplate":"https:\/\/e-testing.fr\/fr\/?s={search_term_string}"},"query-input":{"@type":"PropertyValueSpecification","valueRequired":true,"valueName":"search_term_string"}}],"inLanguage":"fr-FR"},{"@type":"Organization","@id":"https:\/\/e-testing.fr\/fr\/#organization","name":"E-testing","url":"https:\/\/e-testing.fr\/fr\/","logo":{"@type":"ImageObject","inLanguage":"fr-FR","@id":"https:\/\/e-testing.fr\/fr\/#\/schema\/logo\/image\/","url":"https:\/\/e-testing.fr\/fr\/wp-content\/uploads\/2025\/01\/logo-E-testing-180.png","contentUrl":"https:\/\/e-testing.fr\/fr\/wp-content\/uploads\/2025\/01\/logo-E-testing-180.png","width":180,"height":51,"caption":"E-testing"},"image":{"@id":"https:\/\/e-testing.fr\/fr\/#\/schema\/logo\/image\/"}}]}},"_links":{"self":[{"href":"https:\/\/e-testing.fr\/fr\/wp-json\/wp\/v2\/pages\/21044","targetHints":{"allow":["GET"]}}],"collection":[{"href":"https:\/\/e-testing.fr\/fr\/wp-json\/wp\/v2\/pages"}],"about":[{"href":"https:\/\/e-testing.fr\/fr\/wp-json\/wp\/v2\/types\/page"}],"author":[{"embeddable":true,"href":"https:\/\/e-testing.fr\/fr\/wp-json\/wp\/v2\/users\/2"}],"replies":[{"embeddable":true,"href":"https:\/\/e-testing.fr\/fr\/wp-json\/wp\/v2\/comments?post=21044"}],"version-history":[{"count":23,"href":"https:\/\/e-testing.fr\/fr\/wp-json\/wp\/v2\/pages\/21044\/revisions"}],"predecessor-version":[{"id":28077,"href":"https:\/\/e-testing.fr\/fr\/wp-json\/wp\/v2\/pages\/21044\/revisions\/28077"}],"wp:attachment":[{"href":"https:\/\/e-testing.fr\/fr\/wp-json\/wp\/v2\/media?parent=21044"}],"wp:term":[{"taxonomy":"folder","embeddable":true,"href":"https:\/\/e-testing.fr\/fr\/wp-json\/wp\/v2\/folder?post=21044"}],"curies":[{"name":"wp","href":"https:\/\/api.w.org\/{rel}","templated":true}]}}